{"id":108,"date":"2026-04-17T19:46:41","date_gmt":"2026-04-17T19:46:41","guid":{"rendered":"https:\/\/www.dhenin-electricite.fr\/?page_id=108"},"modified":"2026-04-17T21:22:03","modified_gmt":"2026-04-17T21:22:03","slug":"mentions-legales","status":"publish","type":"page","link":"https:\/\/www.dhenin-electricite.fr\/?page_id=108","title":{"rendered":"Mentions L\u00e9gales"},"content":{"rendered":"\n<p>Raison sociale : S\u00e9bastien Dh\u00e9nin \u00c9lectricit\u00e9 <\/p>\n\n\n\n<p>SIRET : 10217433100011<\/p>\n\n\n\n<p>Adresse : 1261 rue du Leet 59270 Bailleul <\/p>\n\n\n\n<p>T\u00e9l\u00e9phone : 07 66 93 18 60<\/p>\n\n\n\n<p>Email : contact@sebastiendh\u00e9nin-elec.fr <\/p>\n\n\n\n<p>H\u00e9bergeur : Site.eu <\/p>\n\n\n\n<p>Ce site est une vitrine professionnelle. Les informations collect\u00e9es via le formulaire de contact sont utilis\u00e9es uniquement pour r\u00e9pondre aux demandes.<\/p>\n","protected":false},"excerpt":{"rendered":"<p>Raison sociale : S\u00e9bastien Dh\u00e9nin \u00c9lectricit\u00e9 SIRET : 10217433100011 Adresse : 1261 rue du Leet 59270 Bailleul T\u00e9l\u00e9phone : 07 66 93 18 60 Email : contact@sebastiendh\u00e9nin-elec.fr H\u00e9bergeur : Site.eu Ce site est une vitrine professionnelle. Les informations collect\u00e9es via le formulaire de contact sont utilis\u00e9es uniquement pour r\u00e9pondre aux demandes.<\/p>\n","protected":false},"author":1,"featured_media":0,"parent":0,"menu_order":0,"comment_status":"closed","ping_status":"closed","template":"","meta":{"footnotes":""},"class_list":["post-108","page","type-page","status-publish","hentry"],"_links":{"self":[{"href":"https:\/\/www.dhenin-electricite.fr\/index.php?rest_route=\/wp\/v2\/pages\/108","targetHints":{"allow":["GET"]}}],"collection":[{"href":"https:\/\/www.dhenin-electricite.fr\/index.php?rest_route=\/wp\/v2\/pages"}],"about":[{"href":"https:\/\/www.dhenin-electricite.fr\/index.php?rest_route=\/wp\/v2\/types\/page"}],"author":[{"embeddable":true,"href":"https:\/\/www.dhenin-electricite.fr\/index.php?rest_route=\/wp\/v2\/users\/1"}],"replies":[{"embeddable":true,"href":"https:\/\/www.dhenin-electricite.fr\/index.php?rest_route=%2Fwp%2Fv2%2Fcomments&post=108"}],"version-history":[{"count":5,"href":"https:\/\/www.dhenin-electricite.fr\/index.php?rest_route=\/wp\/v2\/pages\/108\/revisions"}],"predecessor-version":[{"id":132,"href":"https:\/\/www.dhenin-electricite.fr\/index.php?rest_route=\/wp\/v2\/pages\/108\/revisions\/132"}],"wp:attachment":[{"href":"https:\/\/www.dhenin-electricite.fr\/index.php?rest_route=%2Fwp%2Fv2%2Fmedia&parent=108"}],"curies":[{"name":"wp","href":"https:\/\/api.w.org\/{rel}","templated":true}]}}